{"id":30,"date":"2022-05-31T07:40:48","date_gmt":"2022-05-31T07:40:48","guid":{"rendered":"https:\/\/spermtesttoday.com\/?page_id=30"},"modified":"2026-01-19T08:15:59","modified_gmt":"2026-01-19T08:15:59","slug":"about-us","status":"publish","type":"page","link":"https:\/\/www.spermtesttoday.com\/es\/about-us\/","title":{"rendered":"About Us"},"content":{"rendered":"<div data-elementor-type=\"wp-page\" data-elementor-id=\"30\" class=\"elementor elementor-30\" data-elementor-post-type=\"page\">\n\t\t\t\t\t\t<section class=\"elementor-section elementor-top-section elementor-element elementor-element-717749f1 elementor-section-full_width elementor-section-height-min-height elementor-section-height-default elementor-section-items-middle\" data-id=\"717749f1\" data-element_type=\"section\" data-settings=\"{&quot;background_background&quot;:&quot;classic&quot;}\">\n\t\t\t\t\t\t<div class=\"elementor-container elementor-column-gap-default\">\n\t\t\t\t\t<div class=\"elementor-column elementor-col-100 elementor-top-column elementor-element elementor-element-1e755314\" data-id=\"1e755314\" data-element_type=\"column\">\n\t\t\t<div class=\"elementor-widget-wrap elementor-element-populated\">\n\t\t\t\t\t\t<div class=\"elementor-element elementor-element-4b0122ef elementor-widget elementor-widget-heading\" data-id=\"4b0122ef\" data-element_type=\"widget\" data-widget_type=\"heading.default\">\n\t\t\t\t<div class=\"elementor-widget-container\">\n\t\t\t\t\t<h1 class=\"elementor-heading-title elementor-size-xl\">Brandeis Fertility Center - Over 30 years of compassionate, personalized fertility success<\/h1>\t\t\t\t<\/div>\n\t\t\t\t<\/div>\n\t\t\t\t\t<\/div>\n\t\t<\/div>\n\t\t\t\t\t<\/div>\n\t\t<\/section>\n\t\t\t\t<section class=\"elementor-section elementor-top-section elementor-element elementor-element-42a3be6 elementor-section-boxed elementor-section-height-default elementor-section-height-default\" data-id=\"42a3be6\" data-element_type=\"section\">\n\t\t\t\t\t\t<div class=\"elementor-container elementor-column-gap-default\">\n\t\t\t\t\t<div class=\"elementor-column elementor-col-100 elementor-top-column elementor-element elementor-element-7e73807\" data-id=\"7e73807\" data-element_type=\"column\">\n\t\t\t<div class=\"elementor-widget-wrap elementor-element-populated\">\n\t\t\t\t\t\t<div class=\"elementor-element elementor-element-b0c18e5 elementor-widget elementor-widget-text-editor\" data-id=\"b0c18e5\" data-element_type=\"widget\" data-widget_type=\"text-editor.default\">\n\t\t\t\t<div class=\"elementor-widget-container\">\n\t\t\t\t\t\t\t\t\t<p><strong>La misi\u00f3n del Centro de Fertilidad Brandeis siempre ha sido y ser\u00e1 proporcionar el m\u00e1s alto nivel de atenci\u00f3n en materia de fertilidad, tanto para hombres como para mujeres, a un coste asequible.<\/strong><\/p><p><strong><span class=\"a_GcMg font-feature-liga-off font-feature-clig-off font-feature-calt-off text-decoration-none text-strikethrough-none\">Dr. Vincent Brandeis in his distinguished career has achieved thousand of pregnancies through insemination, IVF and reproductive surgery.<\/span><\/strong><\/p><p><strong><span class=\"a_GcMg font-feature-liga-off font-feature-clig-off font-feature-calt-off text-decoration-none text-strikethrough-none\">The Brandeis Fertility Center has provided comprehensive fertility care to patients in the tristate area since 1985.<\/span><\/strong><\/p><p><strong><span class=\"a_GcMg font-feature-liga-off font-feature-clig-off font-feature-calt-off text-decoration-none text-strikethrough-none\">Dr. Vincent Brandeis is board certified in reproductive endocrinology and sees all patients personally 7-days a week.<\/span><\/strong><\/p>\t\t\t\t\t\t\t\t<\/div>\n\t\t\t\t<\/div>\n\t\t\t\t<div class=\"elementor-element elementor-element-9d60dd2 elementor-widget elementor-widget-text-editor\" data-id=\"9d60dd2\" data-element_type=\"widget\" data-widget_type=\"text-editor.default\">\n\t\t\t\t<div class=\"elementor-widget-container\">\n\t\t\t\t\t\t\t\t\t<p><strong>Dr. Vincent Brandeis offers over 25 years of experience in Reproductive Endocrinology and Infertility.<\/strong><\/p><ul><li>Board Certified in both Obstetrics and Gynecology.<\/li><li>Board Certified in Reproductive Endocrinology and Infertility.<\/li><\/ul><p><strong>College:<\/strong><\/p><ul><li>Johns Hopkins University<\/li><\/ul><p><strong>Medical School:<\/strong><\/p><ul><li>Howard University, Washington, DC<\/li><\/ul><p><strong>Internship \/ Residency:<\/strong><\/p><ul><li>Charity Hospital \u2013 Tulane University \u2013 New Orleans Louisania<\/li><li>Harbor General Hospital \u2013 University of Maryland<\/li><\/ul><p><strong>Fellowship in REI:<\/strong><\/p><ul><li>Rutgers Medical School, UMDNJ, New Brunswick<\/li><\/ul><p><strong>Academic Appointment:<\/strong><\/p><ul><li>Assistant Professor in REI, Rutgers Medical School \u2013 New Jersey<\/li><\/ul><p><strong>Private Practice:<\/strong><\/p><ul><li><span class=\"a_GcMg font-feature-liga-off font-feature-clig-off font-feature-calt-off text-decoration-none text-strikethrough-none\">Manhattan, Queens, Bronx and New Jersey<\/span><\/li><\/ul><p><strong>Hospital Appointments:<\/strong><\/p><ul><li><span class=\"a_GcMg font-feature-liga-off font-feature-clig-off font-feature-calt-off text-decoration-none text-strikethrough-none\">Wyckoff Heights Medical Center<\/span><\/li><li><span class=\"a_GcMg font-feature-liga-off font-feature-clig-off font-feature-calt-off text-decoration-none text-strikethrough-none\">Lenox Hill Hospital<\/span><\/li><\/ul>\t\t\t\t\t\t\t\t<\/div>\n\t\t\t\t<\/div>\n\t\t\t\t\t<\/div>\n\t\t<\/div>\n\t\t\t\t\t<\/div>\n\t\t<\/section>\n\t\t\t\t<section class=\"elementor-section elementor-top-section elementor-element elementor-element-64a05ae8 elementor-section-content-middle elementor-section-boxed elementor-section-height-default elementor-section-height-default\" data-id=\"64a05ae8\" data-element_type=\"section\" data-settings=\"{&quot;background_background&quot;:&quot;classic&quot;}\">\n\t\t\t\t\t\t<div class=\"elementor-container elementor-column-gap-default\">\n\t\t\t\t\t<div class=\"elementor-column elementor-col-25 elementor-top-column elementor-element elementor-element-60195d4 two-circle\" data-id=\"60195d4\" data-element_type=\"column\">\n\t\t\t<div class=\"elementor-widget-wrap elementor-element-populated\">\n\t\t\t\t\t\t<div class=\"elementor-element elementor-element-7588ddff elementor-widget elementor-widget-image\" data-id=\"7588ddff\" data-element_type=\"widget\" data-widget_type=\"image.default\">\n\t\t\t\t<div class=\"elementor-widget-container\">\n\t\t\t\t\t\t\t\t\t\t\t\t\t\t\t<img fetchpriority=\"high\" decoding=\"async\" width=\"500\" height=\"500\" src=\"https:\/\/www.spermtesttoday.com\/wp-content\/uploads\/2022\/06\/Dr-Vincent-Brandeis.jpg\" class=\"attachment-full size-full wp-image-767\" alt=\"\" srcset=\"https:\/\/www.spermtesttoday.com\/wp-content\/uploads\/2022\/06\/Dr-Vincent-Brandeis.jpg 500w, https:\/\/www.spermtesttoday.com\/wp-content\/uploads\/2022\/06\/Dr-Vincent-Brandeis-300x300.jpg 300w, https:\/\/www.spermtesttoday.com\/wp-content\/uploads\/2022\/06\/Dr-Vincent-Brandeis-150x150.jpg 150w\" sizes=\"(max-width: 500px) 100vw, 500px\" \/>\t\t\t\t\t\t\t\t\t\t\t\t\t\t\t<\/div>\n\t\t\t\t<\/div>\n\t\t\t\t\t<\/div>\n\t\t<\/div>\n\t\t\t\t<div class=\"elementor-column elementor-col-25 elementor-top-column elementor-element elementor-element-38e499dc two-circle\" data-id=\"38e499dc\" data-element_type=\"column\">\n\t\t\t<div class=\"elementor-widget-wrap elementor-element-populated\">\n\t\t\t\t\t\t<div class=\"elementor-element elementor-element-b17d6a0 elementor-widget elementor-widget-image\" data-id=\"b17d6a0\" data-element_type=\"widget\" data-widget_type=\"image.default\">\n\t\t\t\t<div class=\"elementor-widget-container\">\n\t\t\t\t\t\t\t\t\t\t\t\t\t\t\t<img decoding=\"async\" width=\"150\" height=\"150\" src=\"https:\/\/www.spermtesttoday.com\/wp-content\/uploads\/2022\/06\/ABOG-Certified_250px.png\" class=\"attachment-full size-full wp-image-771\" alt=\"\" \/>\t\t\t\t\t\t\t\t\t\t\t\t\t\t\t<\/div>\n\t\t\t\t<\/div>\n\t\t\t\t\t<\/div>\n\t\t<\/div>\n\t\t\t\t<div class=\"elementor-column elementor-col-50 elementor-top-column elementor-element elementor-element-2a6adc83\" data-id=\"2a6adc83\" data-element_type=\"column\">\n\t\t\t<div class=\"elementor-widget-wrap elementor-element-populated\">\n\t\t\t\t\t\t<div class=\"elementor-element elementor-element-b27b5fc elementor-widget elementor-widget-text-editor\" data-id=\"b27b5fc\" data-element_type=\"widget\" data-widget_type=\"text-editor.default\">\n\t\t\t\t<div class=\"elementor-widget-container\">\n\t\t\t\t\t\t\t\t\t<p><strong>DR. Vincent Brandeis is Board Certified in OBSTETRICS &amp; GYNECOLOGY, <br \/>and in REPRODUCTIVE ENDOCRINOLOGY &amp; INFERTILITY since 1985.<\/strong><\/p>\t\t\t\t\t\t\t\t<\/div>\n\t\t\t\t<\/div>\n\t\t\t\t<div class=\"elementor-element elementor-element-510f92d6 elementor-widget__width-auto elementor-widget elementor-widget-button\" data-id=\"510f92d6\" data-element_type=\"widget\" data-widget_type=\"button.default\">\n\t\t\t\t<div class=\"elementor-widget-container\">\n\t\t\t\t\t\t\t\t\t<div class=\"elementor-button-wrapper\">\n\t\t\t\t\t<a class=\"elementor-button elementor-button-link elementor-size-sm\" href=\"tel:7184333833\">\n\t\t\t\t\t\t<span class=\"elementor-button-content-wrapper\">\n\t\t\t\t\t\t\t\t\t<span class=\"elementor-button-text\">Reach Dr Brandeis Directly<\/span>\n\t\t\t\t\t<\/span>\n\t\t\t\t\t<\/a>\n\t\t\t\t<\/div>\n\t\t\t\t\t\t\t\t<\/div>\n\t\t\t\t<\/div>\n\t\t\t\t<div class=\"elementor-element elementor-element-15d97a04 elementor-button-success elementor-widget__width-auto elementor-widget elementor-widget-button\" data-id=\"15d97a04\" data-element_type=\"widget\" data-widget_type=\"button.default\">\n\t\t\t\t<div class=\"elementor-widget-container\">\n\t\t\t\t\t\t\t\t\t<div class=\"elementor-button-wrapper\">\n\t\t\t\t\t<a class=\"elementor-button elementor-button-link elementor-size-sm\" href=\"\/es\/schedule-appointment\/\">\n\t\t\t\t\t\t<span class=\"elementor-button-content-wrapper\">\n\t\t\t\t\t\t\t\t\t<span class=\"elementor-button-text\">Schedule Appointment<\/span>\n\t\t\t\t\t<\/span>\n\t\t\t\t\t<\/a>\n\t\t\t\t<\/div>\n\t\t\t\t\t\t\t\t<\/div>\n\t\t\t\t<\/div>\n\t\t\t\t\t<\/div>\n\t\t<\/div>\n\t\t\t\t\t<\/div>\n\t\t<\/section>\n\t\t\t\t<\/div>","protected":false},"excerpt":{"rendered":"<p>Brandeis Fertility Center &#8211; Over 30 years of compassionate, personalized fertility success The mission of the Brandeis Fertility Center has always been and always will be to provide the highest standard of fertility care for both men and women at affordable cost. Dr. Vincent Brandeis in his distinguished career has achieved thousand of pregnancies through [&hellip;]<\/p>","protected":false},"author":2,"featured_media":0,"parent":0,"menu_order":0,"comment_status":"closed","ping_status":"closed","template":"","meta":{"footnotes":""},"class_list":["post-30","page","type-page","status-publish","hentry"],"yoast_head":"<!-- This site is optimized with the Yoast SEO plugin v26.6 - https:\/\/yoast.com\/wordpress\/plugins\/seo\/ -->\n<title>Sperm Test Today - Same Day Results $125<\/title>\n<meta name=\"description\" content=\"7-days a week, 4pm to 8pm. No referral needed. Walk-ins welcome. Fertility Center with over 30-yearsexperience. Free consultation included. Post vasectomy analysis.\" \/>\n<meta name=\"robots\" content=\"index, follow, max-snippet:-1, max-image-preview:large, max-video-preview:-1\" \/>\n<link rel=\"canonical\" href=\"https:\/\/www.spermtesttoday.com\/es\/about-us\/\" \/>\n<meta property=\"og:locale\" content=\"es_ES\" \/>\n<meta property=\"og:type\" content=\"article\" \/>\n<meta property=\"og:title\" content=\"Sperm Test Today - Same Day Results $125\" \/>\n<meta property=\"og:description\" content=\"7-days a week, 4pm to 8pm. No referral needed. Walk-ins welcome. Fertility Center with over 30-yearsexperience. Free consultation included. Post vasectomy analysis.\" \/>\n<meta property=\"og:url\" content=\"https:\/\/www.spermtesttoday.com\/es\/about-us\/\" \/>\n<meta property=\"og:site_name\" content=\"Sperm Test Today $90\" \/>\n<meta property=\"article:modified_time\" content=\"2026-01-19T08:15:59+00:00\" \/>\n<meta property=\"og:image\" content=\"https:\/\/www.spermtesttoday.com\/wp-content\/uploads\/2022\/06\/Dr-Vincent-Brandeis.jpg\" \/>\n\t<meta property=\"og:image:width\" content=\"500\" \/>\n\t<meta property=\"og:image:height\" content=\"500\" \/>\n\t<meta property=\"og:image:type\" content=\"image\/jpeg\" \/>\n<meta name=\"twitter:card\" content=\"summary_large_image\" \/>\n<meta name=\"twitter:label1\" content=\"Tiempo de lectura\" \/>\n\t<meta name=\"twitter:data1\" content=\"2 minutos\" \/>\n<script type=\"application\/ld+json\" class=\"yoast-schema-graph\">{\"@context\":\"https:\/\/schema.org\",\"@graph\":[{\"@type\":\"WebPage\",\"@id\":\"https:\/\/www.spermtesttoday.com\/about-us\/\",\"url\":\"https:\/\/www.spermtesttoday.com\/about-us\/\",\"name\":\"Sperm Test Today - Same Day Results $125\",\"isPartOf\":{\"@id\":\"https:\/\/www.spermtesttoday.com\/#website\"},\"primaryImageOfPage\":{\"@id\":\"https:\/\/www.spermtesttoday.com\/about-us\/#primaryimage\"},\"image\":{\"@id\":\"https:\/\/www.spermtesttoday.com\/about-us\/#primaryimage\"},\"thumbnailUrl\":\"https:\/\/www.spermtesttoday.com\/wp-content\/uploads\/2022\/06\/Dr-Vincent-Brandeis.jpg\",\"datePublished\":\"2022-05-31T07:40:48+00:00\",\"dateModified\":\"2026-01-19T08:15:59+00:00\",\"description\":\"7-days a week, 4pm to 8pm. No referral needed. Walk-ins welcome. Fertility Center with over 30-yearsexperience. Free consultation included. Post vasectomy analysis.\",\"breadcrumb\":{\"@id\":\"https:\/\/www.spermtesttoday.com\/about-us\/#breadcrumb\"},\"inLanguage\":\"es\",\"potentialAction\":[{\"@type\":\"ReadAction\",\"target\":[\"https:\/\/www.spermtesttoday.com\/about-us\/\"]}]},{\"@type\":\"ImageObject\",\"inLanguage\":\"es\",\"@id\":\"https:\/\/www.spermtesttoday.com\/about-us\/#primaryimage\",\"url\":\"https:\/\/www.spermtesttoday.com\/wp-content\/uploads\/2022\/06\/Dr-Vincent-Brandeis.jpg\",\"contentUrl\":\"https:\/\/www.spermtesttoday.com\/wp-content\/uploads\/2022\/06\/Dr-Vincent-Brandeis.jpg\"},{\"@type\":\"BreadcrumbList\",\"@id\":\"https:\/\/www.spermtesttoday.com\/about-us\/#breadcrumb\",\"itemListElement\":[{\"@type\":\"ListItem\",\"position\":1,\"name\":\"Home\",\"item\":\"https:\/\/www.spermtesttoday.com\/\"},{\"@type\":\"ListItem\",\"position\":2,\"name\":\"About Us\"}]},{\"@type\":\"WebSite\",\"@id\":\"https:\/\/www.spermtesttoday.com\/#website\",\"url\":\"https:\/\/www.spermtesttoday.com\/\",\"name\":\"Sperm Test Today $90\",\"description\":\"No Referral Needed - Same Day Results.\",\"potentialAction\":[{\"@type\":\"SearchAction\",\"target\":{\"@type\":\"EntryPoint\",\"urlTemplate\":\"https:\/\/www.spermtesttoday.com\/?s={search_term_string}\"},\"query-input\":{\"@type\":\"PropertyValueSpecification\",\"valueRequired\":true,\"valueName\":\"search_term_string\"}}],\"inLanguage\":\"es\"}]}<\/script>\n<!-- \/ Yoast SEO plugin. -->","yoast_head_json":{"title":"Sperm Test Today - Same Day Results $125","description":"7-days a week, 4pm to 8pm. No referral needed. Walk-ins welcome. Fertility Center with over 30-yearsexperience. Free consultation included. Post vasectomy analysis.","robots":{"index":"index","follow":"follow","max-snippet":"max-snippet:-1","max-image-preview":"max-image-preview:large","max-video-preview":"max-video-preview:-1"},"canonical":"https:\/\/www.spermtesttoday.com\/es\/about-us\/","og_locale":"es_ES","og_type":"article","og_title":"Sperm Test Today - Same Day Results $125","og_description":"7-days a week, 4pm to 8pm. No referral needed. Walk-ins welcome. Fertility Center with over 30-yearsexperience. Free consultation included. Post vasectomy analysis.","og_url":"https:\/\/www.spermtesttoday.com\/es\/about-us\/","og_site_name":"Sperm Test Today $90","article_modified_time":"2026-01-19T08:15:59+00:00","og_image":[{"width":500,"height":500,"url":"https:\/\/www.spermtesttoday.com\/wp-content\/uploads\/2022\/06\/Dr-Vincent-Brandeis.jpg","type":"image\/jpeg"}],"twitter_card":"summary_large_image","twitter_misc":{"Tiempo de lectura":"2 minutos"},"schema":{"@context":"https:\/\/schema.org","@graph":[{"@type":"WebPage","@id":"https:\/\/www.spermtesttoday.com\/about-us\/","url":"https:\/\/www.spermtesttoday.com\/about-us\/","name":"Sperm Test Today - Same Day Results $125","isPartOf":{"@id":"https:\/\/www.spermtesttoday.com\/#website"},"primaryImageOfPage":{"@id":"https:\/\/www.spermtesttoday.com\/about-us\/#primaryimage"},"image":{"@id":"https:\/\/www.spermtesttoday.com\/about-us\/#primaryimage"},"thumbnailUrl":"https:\/\/www.spermtesttoday.com\/wp-content\/uploads\/2022\/06\/Dr-Vincent-Brandeis.jpg","datePublished":"2022-05-31T07:40:48+00:00","dateModified":"2026-01-19T08:15:59+00:00","description":"7-days a week, 4pm to 8pm. No referral needed. Walk-ins welcome. Fertility Center with over 30-yearsexperience. Free consultation included. Post vasectomy analysis.","breadcrumb":{"@id":"https:\/\/www.spermtesttoday.com\/about-us\/#breadcrumb"},"inLanguage":"es","potentialAction":[{"@type":"ReadAction","target":["https:\/\/www.spermtesttoday.com\/about-us\/"]}]},{"@type":"ImageObject","inLanguage":"es","@id":"https:\/\/www.spermtesttoday.com\/about-us\/#primaryimage","url":"https:\/\/www.spermtesttoday.com\/wp-content\/uploads\/2022\/06\/Dr-Vincent-Brandeis.jpg","contentUrl":"https:\/\/www.spermtesttoday.com\/wp-content\/uploads\/2022\/06\/Dr-Vincent-Brandeis.jpg"},{"@type":"BreadcrumbList","@id":"https:\/\/www.spermtesttoday.com\/about-us\/#breadcrumb","itemListElement":[{"@type":"ListItem","position":1,"name":"Home","item":"https:\/\/www.spermtesttoday.com\/"},{"@type":"ListItem","position":2,"name":"About Us"}]},{"@type":"WebSite","@id":"https:\/\/www.spermtesttoday.com\/#website","url":"https:\/\/www.spermtesttoday.com\/","name":"Prueba de esperma Today $90","description":"No Referral Needed - Same Day Results.","potentialAction":[{"@type":"SearchAction","target":{"@type":"EntryPoint","urlTemplate":"https:\/\/www.spermtesttoday.com\/?s={search_term_string}"},"query-input":{"@type":"PropertyValueSpecification","valueRequired":true,"valueName":"search_term_string"}}],"inLanguage":"es"}]}},"_links":{"self":[{"href":"https:\/\/www.spermtesttoday.com\/es\/wp-json\/wp\/v2\/pages\/30","targetHints":{"allow":["GET"]}}],"collection":[{"href":"https:\/\/www.spermtesttoday.com\/es\/wp-json\/wp\/v2\/pages"}],"about":[{"href":"https:\/\/www.spermtesttoday.com\/es\/wp-json\/wp\/v2\/types\/page"}],"author":[{"embeddable":true,"href":"https:\/\/www.spermtesttoday.com\/es\/wp-json\/wp\/v2\/users\/2"}],"replies":[{"embeddable":true,"href":"https:\/\/www.spermtesttoday.com\/es\/wp-json\/wp\/v2\/comments?post=30"}],"version-history":[{"count":117,"href":"https:\/\/www.spermtesttoday.com\/es\/wp-json\/wp\/v2\/pages\/30\/revisions"}],"predecessor-version":[{"id":6414,"href":"https:\/\/www.spermtesttoday.com\/es\/wp-json\/wp\/v2\/pages\/30\/revisions\/6414"}],"wp:attachment":[{"href":"https:\/\/www.spermtesttoday.com\/es\/wp-json\/wp\/v2\/media?parent=30"}],"curies":[{"name":"wp","href":"https:\/\/api.w.org\/{rel}","templated":true}]}}